{"id":764,"date":"2025-04-01T10:52:40","date_gmt":"2025-04-01T13:52:40","guid":{"rendered":"https:\/\/drtiagosouza.com\/?page_id=764"},"modified":"2025-11-01T14:34:48","modified_gmt":"2025-11-01T17:34:48","slug":"links","status":"publish","type":"page","link":"https:\/\/drtiagosouza.com\/","title":{"rendered":"links"},"content":{"rendered":"\t\t<div data-elementor-type=\"wp-page\" data-elementor-id=\"764\" class=\"elementor elementor-764\" data-elementor-post-type=\"page\">\n\t\t\t\t<div class=\"elementor-element elementor-element-bbd66bc e-flex e-con-boxed e-con e-parent\" data-id=\"bbd66bc\" data-element_type=\"container\" data-settings=\"{&quot;background_background&quot;:&quot;classic&quot;}\">\n\t\t\t\t\t<div class=\"e-con-inner\">\n\t\t\t\t<div class=\"elementor-element elementor-element-54d840f elementor-widget__width-initial elementor-widget elementor-widget-heading\" data-id=\"54d840f\" data-element_type=\"widget\" data-widget_type=\"heading.default\">\n\t\t\t\t<div class=\"elementor-widget-container\">\n\t\t\t\t\t<h2 class=\"elementor-heading-title elementor-size-default\">DR. TIAGO SOUZA<\/h2>\t\t\t\t<\/div>\n\t\t\t\t<\/div>\n\t\t\t\t<div class=\"elementor-element elementor-element-cce5904 elementor-widget__width-initial elementor-widget-tablet__width-initial elementor-widget elementor-widget-image-box\" data-id=\"cce5904\" data-element_type=\"widget\" data-widget_type=\"image-box.default\">\n\t\t\t\t<div class=\"elementor-widget-container\">\n\t\t\t\t\t<div class=\"elementor-image-box-wrapper\"><div class=\"elementor-image-box-content\"><h3 class=\"elementor-image-box-title\">Ol\u00e1, seja muito bem vindo(a)!<\/h3><p class=\"elementor-image-box-description\">Abaixo est\u00e3o alguns links que ir\u00e3o te ajudar<\/p><\/div><\/div>\t\t\t\t<\/div>\n\t\t\t\t<\/div>\n\t\t<div class=\"elementor-element elementor-element-9612721 e-con-full e-flex e-con e-child\" data-id=\"9612721\" data-element_type=\"container\">\n\t\t\t\t<div class=\"elementor-element elementor-element-7272e25 elementor-align-justify elementor-widget__width-initial elementor-widget elementor-widget-button\" data-id=\"7272e25\" data-element_type=\"widget\" data-widget_type=\"button.default\">\n\t\t\t\t<div class=\"elementor-widget-container\">\n\t\t\t\t\t\t\t\t\t<div class=\"elementor-button-wrapper\">\n\t\t\t\t\t<a class=\"elementor-button elementor-button-link elementor-size-sm\" href=\"#descer\">\n\t\t\t\t\t\t<span class=\"elementor-button-content-wrapper\">\n\t\t\t\t\t\t<span class=\"elementor-button-icon\">\n\t\t\t\t<i aria-hidden=\"true\" class=\"fas fa-arrow-down\"><\/i>\t\t\t<\/span>\n\t\t\t\t\t\t\t\t\t<span class=\"elementor-button-text\">VER LINKS<\/span>\n\t\t\t\t\t<\/span>\n\t\t\t\t\t<\/a>\n\t\t\t\t<\/div>\n\t\t\t\t\t\t\t\t<\/div>\n\t\t\t\t<\/div>\n\t\t\t\t<\/div>\n\t\t\t\t\t<\/div>\n\t\t\t\t<\/div>\n\t\t<div class=\"elementor-element elementor-element-b2bdea1 e-flex e-con-boxed e-con e-parent\" data-id=\"b2bdea1\" data-element_type=\"container\" id=\"descer\" data-settings=\"{&quot;background_background&quot;:&quot;classic&quot;}\">\n\t\t\t\t\t<div class=\"e-con-inner\">\n\t\t\t\t<div class=\"elementor-element elementor-element-45c717e elementor-widget__width-initial elementor-invisible elementor-widget elementor-widget-image\" data-id=\"45c717e\" data-element_type=\"widget\" data-settings=\"{&quot;_animation&quot;:&quot;fadeInUp&quot;}\" data-widget_type=\"image.default\">\n\t\t\t\t<div class=\"elementor-widget-container\">\n\t\t\t\t\t\t\t\t\t\t\t\t\t\t\t\t<a href=\"https:\/\/fisioterapeutaprospero.com.br\/\">\n\t\t\t\t\t\t\t<img fetchpriority=\"high\" decoding=\"async\" width=\"1024\" height=\"434\" src=\"https:\/\/drtiagosouza.com\/wp-content\/uploads\/2025\/04\/CARD-1.1-FISIOTERAPEUTA-PROSPERO.webp\" class=\"elementor-animation-shrink attachment-full size-full wp-image-866\" alt=\"\" srcset=\"https:\/\/drtiagosouza.com\/wp-content\/uploads\/2025\/04\/CARD-1.1-FISIOTERAPEUTA-PROSPERO.webp 1024w, https:\/\/drtiagosouza.com\/wp-content\/uploads\/2025\/04\/CARD-1.1-FISIOTERAPEUTA-PROSPERO-300x127.webp 300w, https:\/\/drtiagosouza.com\/wp-content\/uploads\/2025\/04\/CARD-1.1-FISIOTERAPEUTA-PROSPERO-768x326.webp 768w\" sizes=\"(max-width: 1024px) 100vw, 1024px\" \/>\t\t\t\t\t\t\t\t<\/a>\n\t\t\t\t\t\t\t\t\t\t\t\t\t\t\t<\/div>\n\t\t\t\t<\/div>\n\t\t\t\t<div class=\"elementor-element elementor-element-0671b68 elementor-widget__width-initial elementor-invisible elementor-widget elementor-widget-image\" data-id=\"0671b68\" data-element_type=\"widget\" data-settings=\"{&quot;_animation&quot;:&quot;fadeInUp&quot;}\" data-widget_type=\"image.default\">\n\t\t\t\t<div class=\"elementor-widget-container\">\n\t\t\t\t\t\t\t\t\t\t\t\t\t\t\t\t<a href=\"https:\/\/www.metodologiavli.com.br\/\">\n\t\t\t\t\t\t\t<img decoding=\"async\" width=\"1024\" height=\"434\" src=\"https:\/\/drtiagosouza.com\/wp-content\/uploads\/2025\/04\/CARD-2-METODOLOGIA-VLI.webp\" class=\"elementor-animation-shrink attachment-full size-full wp-image-783\" alt=\"\" srcset=\"https:\/\/drtiagosouza.com\/wp-content\/uploads\/2025\/04\/CARD-2-METODOLOGIA-VLI.webp 1024w, https:\/\/drtiagosouza.com\/wp-content\/uploads\/2025\/04\/CARD-2-METODOLOGIA-VLI-300x127.webp 300w, https:\/\/drtiagosouza.com\/wp-content\/uploads\/2025\/04\/CARD-2-METODOLOGIA-VLI-768x326.webp 768w\" sizes=\"(max-width: 1024px) 100vw, 1024px\" \/>\t\t\t\t\t\t\t\t<\/a>\n\t\t\t\t\t\t\t\t\t\t\t\t\t\t\t<\/div>\n\t\t\t\t<\/div>\n\t\t\t\t<div class=\"elementor-element elementor-element-8765fd8 elementor-widget__width-initial elementor-invisible elementor-widget elementor-widget-image\" data-id=\"8765fd8\" data-element_type=\"widget\" data-settings=\"{&quot;_animation&quot;:&quot;fadeInUp&quot;}\" data-widget_type=\"image.default\">\n\t\t\t\t<div class=\"elementor-widget-container\">\n\t\t\t\t\t\t\t\t\t\t\t\t\t\t\t\t<a href=\"https:\/\/inlead.digital\/homem-ao-maximo\">\n\t\t\t\t\t\t\t<img decoding=\"async\" width=\"1024\" height=\"434\" src=\"https:\/\/drtiagosouza.com\/wp-content\/uploads\/2025\/04\/CARD-2-METODOLOGIA-HOMEM-AO-MAXIMO.webp\" class=\"elementor-animation-shrink attachment-full size-full wp-image-779\" alt=\"\" srcset=\"https:\/\/drtiagosouza.com\/wp-content\/uploads\/2025\/04\/CARD-2-METODOLOGIA-HOMEM-AO-MAXIMO.webp 1024w, https:\/\/drtiagosouza.com\/wp-content\/uploads\/2025\/04\/CARD-2-METODOLOGIA-HOMEM-AO-MAXIMO-300x127.webp 300w, https:\/\/drtiagosouza.com\/wp-content\/uploads\/2025\/04\/CARD-2-METODOLOGIA-HOMEM-AO-MAXIMO-768x326.webp 768w\" sizes=\"(max-width: 1024px) 100vw, 1024px\" \/>\t\t\t\t\t\t\t\t<\/a>\n\t\t\t\t\t\t\t\t\t\t\t\t\t\t\t<\/div>\n\t\t\t\t<\/div>\n\t\t\t\t<div class=\"elementor-element elementor-element-01c8c7f elementor-widget__width-initial elementor-invisible elementor-widget elementor-widget-image\" data-id=\"01c8c7f\" data-element_type=\"widget\" data-settings=\"{&quot;_animation&quot;:&quot;fadeInUp&quot;}\" data-widget_type=\"image.default\">\n\t\t\t\t<div class=\"elementor-widget-container\">\n\t\t\t\t\t\t\t\t\t\t\t\t\t\t\t\t<a href=\"https:\/\/api.whatsapp.com\/send?phone=5561992693564&#038;text=OlaSeja+muito+bem+vindo%2C+seja+muito+bem+vinda+%F0%9F%98%83\">\n\t\t\t\t\t\t\t<img loading=\"lazy\" decoding=\"async\" width=\"1024\" height=\"434\" src=\"https:\/\/drtiagosouza.com\/wp-content\/uploads\/2025\/04\/CARD-4-CONTATO.webp\" class=\"elementor-animation-shrink attachment-full size-full wp-image-785\" alt=\"\" srcset=\"https:\/\/drtiagosouza.com\/wp-content\/uploads\/2025\/04\/CARD-4-CONTATO.webp 1024w, https:\/\/drtiagosouza.com\/wp-content\/uploads\/2025\/04\/CARD-4-CONTATO-300x127.webp 300w, https:\/\/drtiagosouza.com\/wp-content\/uploads\/2025\/04\/CARD-4-CONTATO-768x326.webp 768w\" sizes=\"(max-width: 1024px) 100vw, 1024px\" \/>\t\t\t\t\t\t\t\t<\/a>\n\t\t\t\t\t\t\t\t\t\t\t\t\t\t\t<\/div>\n\t\t\t\t<\/div>\n\t\t\t\t\t<\/div>\n\t\t\t\t<\/div>\n\t\t<div class=\"elementor-element elementor-element-56da0c7 e-flex e-con-boxed e-con e-parent\" data-id=\"56da0c7\" data-element_type=\"container\" data-settings=\"{&quot;background_background&quot;:&quot;classic&quot;}\">\n\t\t\t\t\t<div class=\"e-con-inner\">\n\t\t\t\t<div class=\"elementor-element elementor-element-ef3340f elementor-widget-mobile__width-inherit elementor-widget elementor-widget-heading\" data-id=\"ef3340f\" data-element_type=\"widget\" data-widget_type=\"heading.default\">\n\t\t\t\t<div class=\"elementor-widget-container\">\n\t\t\t\t\t<h2 class=\"elementor-heading-title elementor-size-default\">\u00a9 Dr. Tiago Souza \u2022 Todos os direitos reservados 2025<\/h2>\t\t\t\t<\/div>\n\t\t\t\t<\/div>\n\t\t\t\t<div class=\"elementor-element elementor-element-62bd35b elementor-widget elementor-widget-text-editor\" data-id=\"62bd35b\" data-element_type=\"widget\" data-widget_type=\"text-editor.default\">\n\t\t\t\t<div class=\"elementor-widget-container\">\n\t\t\t\t\t\t\t\t\t<p><a href=\"https:\/\/fatorxmktmedico.com.br\/\">\u00a0<\/a><a href=\"https:\/\/fatorxmktmedico.com.br\/\"><img loading=\"lazy\" decoding=\"async\" class=\"alignnone wp-image-911\" src=\"http:\/\/drtiagosouza.com\/wp-content\/uploads\/2025\/04\/LOGO-FATOR-X-MKT-MEDICO-1.png.webp\" alt=\"\" width=\"70\" height=\"26\" \/><\/a><\/p>\t\t\t\t\t\t\t\t<\/div>\n\t\t\t\t<\/div>\n\t\t\t\t\t<\/div>\n\t\t\t\t<\/div>\n\t\t\t\t<\/div>\n\t\t","protected":false},"excerpt":{"rendered":"<p>DR. TIAGO SOUZA Ol\u00e1, seja muito bem vindo(a)! Abaixo est\u00e3o alguns links que ir\u00e3o te ajudar VER LINKS \u00a9 Dr. Tiago Souza \u2022 Todos os direitos reservados 2025 \u00a0<\/p>\n","protected":false},"author":3,"featured_media":0,"parent":0,"menu_order":0,"comment_status":"closed","ping_status":"closed","template":"elementor_canvas","meta":{"footnotes":""},"class_list":["post-764","page","type-page","status-publish","hentry"],"_links":{"self":[{"href":"https:\/\/drtiagosouza.com\/index.php\/wp-json\/wp\/v2\/pages\/764","targetHints":{"allow":["GET"]}}],"collection":[{"href":"https:\/\/drtiagosouza.com\/index.php\/wp-json\/wp\/v2\/pages"}],"about":[{"href":"https:\/\/drtiagosouza.com\/index.php\/wp-json\/wp\/v2\/types\/page"}],"author":[{"embeddable":true,"href":"https:\/\/drtiagosouza.com\/index.php\/wp-json\/wp\/v2\/users\/3"}],"replies":[{"embeddable":true,"href":"https:\/\/drtiagosouza.com\/index.php\/wp-json\/wp\/v2\/comments?post=764"}],"version-history":[{"count":124,"href":"https:\/\/drtiagosouza.com\/index.php\/wp-json\/wp\/v2\/pages\/764\/revisions"}],"predecessor-version":[{"id":920,"href":"https:\/\/drtiagosouza.com\/index.php\/wp-json\/wp\/v2\/pages\/764\/revisions\/920"}],"wp:attachment":[{"href":"https:\/\/drtiagosouza.com\/index.php\/wp-json\/wp\/v2\/media?parent=764"}],"curies":[{"name":"wp","href":"https:\/\/api.w.org\/{rel}","templated":true}]}}